{"id":182,"date":"2020-01-11T08:53:59","date_gmt":"2020-01-11T07:53:59","guid":{"rendered":"http:\/\/www.iaro-credit.ch\/?page_id=182"},"modified":"2020-07-04T20:01:34","modified_gmt":"2020-07-04T18:01:34","slug":"kontakt","status":"publish","type":"page","link":"https:\/\/www.iaro-credit.ch\/de\/kontakt\/","title":{"rendered":"Kontakt"},"content":{"rendered":"<p><img decoding=\"async\" src=\"\/wp-content\/uploads\/Iaro_Credit_Kontakt.jpg\" alt=\"Iaro Credit Kontakt\"><\/p>\n<h1>\n<p>Z\u00f6gern Sie nicht uns zu kontaktieren, <br \/>wir sind gerne f\u00fcr Sie da!<\/p>\n<\/h1>\n<ul>\n<li>\n<h2>Adresse<\/h2>\n<div>\n<p>Rotelstrasse 4<br \/>CH-4663 Aarburg<\/p>\n<\/div>\n<\/li>\n<li>\n<h2>\u00d6ffnungszeiten<\/h2>\n<div>\n<p>Montag \u2013 Samstag<br \/>8:00 \u2013 20:00 Uhr<\/p>\n<\/div>\n<\/li>\n<li>\n<h2>Kontakt<\/h2>\n<div>\n<p><a class=\"uk-text-emphasis\" href=\"tel:+41627911160\" target=\"_blank\" rel=\"noopener\">Telefon +41 62 791 11 60<\/a><br \/><a class=\"uk-text-emphasis\" href=\"tel:+41793305056\" target=\"_blank\" rel=\"noopener\">Mobile +41 79 330 50 56<\/a><br \/><a class=\"uk-text-emphasis\" href=\"tel:+41793305056\" target=\"_blank\" rel=\"noopener\">Fax +41 62 791 11 10<\/a><\/p>\n<p><a class=\"uk-text-emphasis\" href=\"mailto:info@iaro-credit.ch\" target=\"_self\" data-content=\"info@iaro-credit.ch\" data-type=\"mail\">info@iaro-credit.ch<\/a><\/p>\n<\/div>\n<\/li>\n<\/ul>\n<h2>Schreiben Sie uns<\/h2>\n<div>\n<script>\nvar gform;gform||(document.addEventListener(\"gform_main_scripts_loaded\",function(){gform.scriptsLoaded=!0}),document.addEventListener(\"gform\/theme\/scripts_loaded\",function(){gform.themeScriptsLoaded=!0}),window.addEventListener(\"DOMContentLoaded\",function(){gform.domLoaded=!0}),gform={domLoaded:!1,scriptsLoaded:!1,themeScriptsLoaded:!1,isFormEditor:()=>\"function\"==typeof InitializeEditor,callIfLoaded:function(o){return!(!gform.domLoaded||!gform.scriptsLoaded||!gform.themeScriptsLoaded&&!gform.isFormEditor()||(gform.isFormEditor()&&console.warn(\"The use of gform.initializeOnLoaded() is deprecated in the form editor context and will be removed in Gravity Forms 3.1.\"),o(),0))},initializeOnLoaded:function(o){gform.callIfLoaded(o)||(document.addEventListener(\"gform_main_scripts_loaded\",()=>{gform.scriptsLoaded=!0,gform.callIfLoaded(o)}),document.addEventListener(\"gform\/theme\/scripts_loaded\",()=>{gform.themeScriptsLoaded=!0,gform.callIfLoaded(o)}),window.addEventListener(\"DOMContentLoaded\",()=>{gform.domLoaded=!0,gform.callIfLoaded(o)}))},hooks:{action:{},filter:{}},addAction:function(o,r,e,t){gform.addHook(\"action\",o,r,e,t)},addFilter:function(o,r,e,t){gform.addHook(\"filter\",o,r,e,t)},doAction:function(o){gform.doHook(\"action\",o,arguments)},applyFilters:function(o){return gform.doHook(\"filter\",o,arguments)},removeAction:function(o,r){gform.removeHook(\"action\",o,r)},removeFilter:function(o,r,e){gform.removeHook(\"filter\",o,r,e)},addHook:function(o,r,e,t,n){null==gform.hooks[o][r]&&(gform.hooks[o][r]=[]);var d=gform.hooks[o][r];null==n&&(n=r+\"_\"+d.length),gform.hooks[o][r].push({tag:n,callable:e,priority:t=null==t?10:t})},doHook:function(r,o,e){var t;if(e=Array.prototype.slice.call(e,1),null!=gform.hooks[r][o]&&((o=gform.hooks[r][o]).sort(function(o,r){return o.priority-r.priority}),o.forEach(function(o){\"function\"!=typeof(t=o.callable)&&(t=window[t]),\"action\"==r?t.apply(null,e):e[0]=t.apply(null,e)})),\"filter\"==r)return e[0]},removeHook:function(o,r,t,n){var e;null!=gform.hooks[o][r]&&(e=(e=gform.hooks[o][r]).filter(function(o,r,e){return!!(null!=n&&n!=o.tag||null!=t&&t!=o.priority)}),gform.hooks[o][r]=e)}});\n<\/script>\n\n                <div class='gf_browser_gecko gform_wrapper gform_legacy_markup_wrapper gform-theme--no-framework' data-form-theme='legacy' data-form-index='0' id='gform_wrapper_9' ><div id='gf_9' class='gform_anchor' tabindex='-1'><\/div><form method='post' enctype='multipart\/form-data' target='gform_ajax_frame_9' id='gform_9'  action='\/de\/wp-json\/wp\/v2\/pages\/182#gf_9' data-formid='9' novalidate>\n                        <div class='gform-body gform_body'><ul id='gform_fields_9' class='gform_fields top_label form_sublabel_below description_below validation_below'><li id=\"field_9_1\" class=\"gfield gfield--type-name gfield_contains_required field_sublabel_below gfield--no-description field_description_below field_validation_below gfield_visibility_visible\"  ><label class='gfield_label gform-field-label gfield_label_before_complex' >Name<span class=\"gfield_required\"><span class=\"gfield_required gfield_required_asterisk\">*<\/span><\/span><\/label><div class='ginput_complex ginput_container ginput_container--name no_prefix has_first_name no_middle_name has_last_name no_suffix gf_name_has_2 ginput_container_name gform-grid-row' id='input_9_1'>\n                            \n                            <span id='input_9_1_3_container' class='name_first gform-grid-col gform-grid-col--size-auto' >\n                                                    <input type='text' name='input_1.3' id='input_9_1_3' value=''   aria-required='true'     \/>\n                                                    <label for='input_9_1_3' class='gform-field-label gform-field-label--type-sub '>Vorname<\/label>\n                                                <\/span>\n                            \n                            <span id='input_9_1_6_container' class='name_last gform-grid-col gform-grid-col--size-auto' >\n                                                    <input type='text' name='input_1.6' id='input_9_1_6' value=''   aria-required='true'     \/>\n                                                    <label for='input_9_1_6' class='gform-field-label gform-field-label--type-sub '>Nachname<\/label>\n                                                <\/span>\n                            \n                        <\/div><\/li><li id=\"field_9_2\" class=\"gfield gfield--type-email gfield_contains_required field_sublabel_below gfield--no-description field_description_below field_validation_below gfield_visibility_visible\"  ><label class='gfield_label gform-field-label' for='input_9_2'>E-Mail<span class=\"gfield_required\"><span class=\"gfield_required gfield_required_asterisk\">*<\/span><\/span><\/label><div class='ginput_container ginput_container_email'>\n                            <input name='input_2' id='input_9_2' type='email' value='' class='large'    aria-required=\"true\" aria-invalid=\"false\"  \/>\n                        <\/div><\/li><li id=\"field_9_4\" class=\"gfield gfield--type-text gfield_contains_required field_sublabel_below gfield--no-description field_description_below field_validation_below gfield_visibility_visible\"  ><label class='gfield_label gform-field-label' for='input_9_4'>Telefon \/ Mobile<span class=\"gfield_required\"><span class=\"gfield_required gfield_required_asterisk\">*<\/span><\/span><\/label><div class='ginput_container ginput_container_text'><input name='input_4' id='input_9_4' type='text' value='' class='large'     aria-required=\"true\" aria-invalid=\"false\"   \/><\/div><\/li><li id=\"field_9_3\" class=\"gfield gfield--type-textarea field_sublabel_below gfield--no-description field_description_below field_validation_below gfield_visibility_visible\"  ><label class='gfield_label gform-field-label' for='input_9_3'>Ihre Nachricht<\/label><div class='ginput_container ginput_container_textarea'><textarea name='input_3' id='input_9_3' class='textarea medium'      aria-invalid=\"false\"   rows='10' cols='50'><\/textarea><\/div><\/li><\/ul><\/div>\n        <div class='gform-footer gform_footer top_label'> <input type='submit' id='gform_submit_button_9' class='gform_button button' onclick='gform.submission.handleButtonClick(this);' data-submission-type='submit' value='Absenden'  \/> <input type='hidden' name='gform_ajax' value='form_id=9&amp;title=&amp;description=&amp;tabindex=0&amp;theme=legacy&amp;styles=[]&amp;hash=95878f6b14dae4516a8baa6cf487fe32' \/>\n            <input type='hidden' class='gform_hidden' name='gform_submission_method' data-js='gform_submission_method_9' value='iframe' \/>\n            <input type='hidden' class='gform_hidden' name='gform_theme' data-js='gform_theme_9' id='gform_theme_9' value='legacy' \/>\n            <input type='hidden' class='gform_hidden' name='gform_style_settings' data-js='gform_style_settings_9' id='gform_style_settings_9' value='[]' \/>\n            <input type='hidden' class='gform_hidden' name='is_submit_9' value='1' \/>\n            <input type='hidden' class='gform_hidden' name='gform_submit' value='9' \/>\n            \n            <input type='hidden' class='gform_hidden' name='gform_currency' data-currency='CHF' value='5F1PuemUTc2uJT+8ZlqDa0bLpdZEFXviFvLAsLYgn5ppC4PvFiVzgGcWzle7QRhb\/OztBwyp6ZtH8fPfKGe+V4rQEUjeRNL\/Iul2R1BMbxHDcx0=' \/>\n            <input type='hidden' class='gform_hidden' name='gform_unique_id' value='' \/>\n            <input type='hidden' class='gform_hidden' name='state_9' value='WyJbXSIsIjZlNWRjYThkNjMxNTgwOTcwNGM2NDE1NDdmMGVmOGU1Il0=' \/>\n            <input type='hidden' autocomplete='off' class='gform_hidden' name='gform_target_page_number_9' id='gform_target_page_number_9' value='0' \/>\n            <input type='hidden' autocomplete='off' class='gform_hidden' name='gform_source_page_number_9' id='gform_source_page_number_9' value='1' \/>\n            <input type='hidden' name='gform_field_values' value='' \/>\n            \n        <\/div>\n                        <\/form>\n                        <\/div>\n\t\t                <iframe style='display:none;width:0px;height:0px;' src='about:blank' name='gform_ajax_frame_9' id='gform_ajax_frame_9' title='Dieser iframe enth\u00e4lt die erforderliche Logik um Gravity Forms Formulare mit AJAX zu handhaben.'><\/iframe>\n\t\t                <script>\ngform.initializeOnLoaded( function() {gformInitSpinner( 9, 'https:\/\/www.iaro-credit.ch\/wp-content\/plugins\/gravityforms\/images\/spinner.svg', true );jQuery('#gform_ajax_frame_9').on('load',function(){var contents = jQuery(this).contents().find('*').html();var is_postback = contents.indexOf('GF_AJAX_POSTBACK') >= 0;if(!is_postback){return;}var form_content = jQuery(this).contents().find('#gform_wrapper_9');var is_confirmation = jQuery(this).contents().find('#gform_confirmation_wrapper_9').length > 0;var is_redirect = contents.indexOf('gformRedirect(){') >= 0;var is_form = form_content.length > 0 && ! is_redirect && ! is_confirmation;var mt = parseInt(jQuery('html').css('margin-top'), 10) + parseInt(jQuery('body').css('margin-top'), 10) + 100;if(is_form){jQuery('#gform_wrapper_9').html(form_content.html());if(form_content.hasClass('gform_validation_error')){jQuery('#gform_wrapper_9').addClass('gform_validation_error');} else {jQuery('#gform_wrapper_9').removeClass('gform_validation_error');}setTimeout( function() { \/* delay the scroll by 50 milliseconds to fix a bug in chrome *\/ jQuery(document).scrollTop(jQuery('#gform_wrapper_9').offset().top - mt); }, 50 );if(window['gformInitDatepicker']) {gformInitDatepicker();}if(window['gformInitPriceFields']) {gformInitPriceFields();}var current_page = jQuery('#gform_source_page_number_9').val();gformInitSpinner( 9, 'https:\/\/www.iaro-credit.ch\/wp-content\/plugins\/gravityforms\/images\/spinner.svg', true );jQuery(document).trigger('gform_page_loaded', [9, current_page]);window['gf_submitting_9'] = false;}else if(!is_redirect){var confirmation_content = jQuery(this).contents().find('.GF_AJAX_POSTBACK').html();if(!confirmation_content){confirmation_content = contents;}jQuery('#gform_wrapper_9').replaceWith(confirmation_content);jQuery(document).scrollTop(jQuery('#gf_9').offset().top - mt);jQuery(document).trigger('gform_confirmation_loaded', [9]);window['gf_submitting_9'] = false;wp.a11y.speak(jQuery('#gform_confirmation_message_9').text());}else{jQuery('#gform_9').append(contents);if(window['gformRedirect']) {gformRedirect();}}jQuery(document).trigger(\"gform_pre_post_render\", [{ formId: \"9\", currentPage: \"current_page\", abort: function() { this.preventDefault(); } }]);        if (event && event.defaultPrevented) {                return;        }        const gformWrapperDiv = document.getElementById( \"gform_wrapper_9\" );        if ( gformWrapperDiv ) {            const visibilitySpan = document.createElement( \"span\" );            visibilitySpan.id = \"gform_visibility_test_9\";            gformWrapperDiv.insertAdjacentElement( \"afterend\", visibilitySpan );        }        const visibilityTestDiv = document.getElementById( \"gform_visibility_test_9\" );        let postRenderFired = false;        function triggerPostRender() {            if ( postRenderFired ) {                return;            }            postRenderFired = true;            gform.core.triggerPostRenderEvents( 9, current_page );            if ( visibilityTestDiv ) {                visibilityTestDiv.parentNode.removeChild( visibilityTestDiv );            }        }        function debounce( func, wait, immediate ) {            var timeout;            return function() {                var context = this, args = arguments;                var later = function() {                    timeout = null;                    if ( !immediate ) func.apply( context, args );                };                var callNow = immediate && !timeout;                clearTimeout( timeout );                timeout = setTimeout( later, wait );                if ( callNow ) func.apply( context, args );            };        }        const debouncedTriggerPostRender = debounce( function() {            triggerPostRender();        }, 200 );        if ( visibilityTestDiv && visibilityTestDiv.offsetParent === null ) {            const observer = new MutationObserver( ( mutations ) => {                mutations.forEach( ( mutation ) => {                    if ( mutation.type === 'attributes' && visibilityTestDiv.offsetParent !== null ) {                        debouncedTriggerPostRender();                        observer.disconnect();                    }                });            });            observer.observe( document.body, {                attributes: true,                childList: false,                subtree: true,                attributeFilter: [ 'style', 'class' ],            });        } else {            triggerPostRender();        }    } );} );\n<\/script>\n<\/div>\n<p><!-- {\"children\":[{\"name\":\"Hero\",\"type\":\"section\",\"props\":{\"style\":\"default\",\"width\":\"\",\"vertical_align\":\"\",\"title_position\":\"top-left\",\"title_rotation\":\"left\",\"title_breakpoint\":\"xl\",\"image_position\":\"center-center\",\"padding_remove_top\":false,\"animation\":\"fade\",\"padding_remove_bottom\":false,\"padding\":\"none\"},\"children\":[{\"name\":\"\",\"type\":\"row\",\"children\":[{\"name\":\"\",\"type\":\"column\",\"props\":{\"image_position\":\"center-center\",\"width_medium\":\"1-1\",\"media_overlay_gradient\":\"\"},\"children\":[{\"name\":\"\",\"type\":\"image\",\"props\":{\"margin\":\"\",\"image\":\"wp-content\\\/uploads\\\/Iaro_Credit_Kontakt.jpg\",\"image_width\":\"2000\",\"image_svg_color\":\"emphasis\",\"image_height\":\"380\",\"image_alt\":\"Iaro Credit Kontakt\",\"animation\":\"parallax\",\"parallax_y_start\":\"0\",\"parallax_y_end\":\"25\"}}]}]}]},{\"name\":\"\",\"type\":\"section\",\"props\":{\"style\":\"default\",\"width\":\"small\",\"vertical_align\":\"middle\",\"title_position\":\"top-left\",\"title_rotation\":\"left\",\"title_breakpoint\":\"xl\",\"image_position\":\"center-center\",\"padding_remove_bottom\":false,\"animation_delay\":false,\"animation\":\"fade\"},\"children\":[{\"name\":\"\",\"type\":\"row\",\"children\":[{\"name\":\"\",\"type\":\"column\",\"props\":{\"image_position\":\"center-center\",\"width_medium\":\"1-1\",\"media_overlay_gradient\":\"\"},\"children\":[{\"name\":\"\",\"type\":\"headline\",\"props\":{\"title_element\":\"h1\",\"content\":\"\n\n<p>Z\\u00f6gern Sie nicht uns zu kontaktieren, <br \\\/>wir sind gerne f\\u00fcr Sie da!<\\\/p>\",\"text_align\":\"left\",\"text_align_breakpoint\":\"s\"}}]}]},{\"type\":\"row\",\"children\":[{\"type\":\"column\",\"props\":{\"image_position\":\"center-center\",\"media_overlay_gradient\":\"\"},\"children\":[{\"name\":\"\",\"type\":\"grid\",\"props\":{\"show_title\":true,\"show_meta\":true,\"show_content\":true,\"show_image\":true,\"show_link\":true,\"grid_default\":\"1\",\"grid_medium\":\"3\",\"title_element\":\"h2\",\"meta_style\":\"meta\",\"meta_align\":\"below-title\",\"image_align\":\"top\",\"image_grid_width\":\"1-2\",\"link_text\":\"Read more\",\"link_style\":\"default\",\"margin\":\"default\",\"grid_small\":\"2\",\"text_align\":\"left\",\"text_align_breakpoint\":\"s\",\"text_align_fallback\":\"center\",\"title_style\":\"h3\",\"grid_column_gap\":\"large\",\"grid_row_gap\":\"large\",\"image_grid_breakpoint\":\"m\",\"icon_width\":80,\"filter_style\":\"tab\",\"filter_all\":true,\"filter_position\":\"top\",\"filter_align\":\"left\",\"filter_grid_width\":\"auto\",\"filter_grid_breakpoint\":\"m\",\"title_hover_style\":\"reset\",\"title_align\":\"top\",\"title_grid_width\":\"1-2\",\"title_grid_breakpoint\":\"m\",\"content_column_breakpoint\":\"m\",\"image_svg_color\":\"emphasis\",\"item_animation\":\"\"},\"children\":[{\"name\":\"\",\"type\":\"grid_item\",\"props\":{\"content\":\"\n\n<p>Rotelstrasse 4<br \\\/>CH-4663 Aarburg<\\\/p>\",\"title\":\"Adresse\"}},{\"name\":\"\",\"type\":\"grid_item\",\"props\":{\"content\":\"\n\n<p>Montag \\u2013 Samstag<br \\\/>8:00 \\u2013 20:00 Uhr<\\\/p>\",\"title\":\"\\u00d6ffnungszeiten\"}},{\"name\":\"\",\"type\":\"grid_item\",\"props\":{\"content\":\"\n\n<p><a class=\\\"uk-text-emphasis\\\" href=\\\"tel:+41627911160\\\" target=\\\"_blank\\\" rel=\\\"noopener\\\">Telefon +41 62 791 11 60<\\\/a><br \\\/><a class=\\\"uk-text-emphasis\\\" href=\\\"tel:+41793305056\\\" target=\\\"_blank\\\" rel=\\\"noopener\\\">Mobile +41 79 330 50 56<\\\/a><br \\\/><a class=\\\"uk-text-emphasis\\\" href=\\\"tel:+41793305056\\\" target=\\\"_blank\\\" rel=\\\"noopener\\\">Fax +41 62 791 11 10<\\\/a><\\\/p>\\n\n\n<p><a class=\\\"uk-text-emphasis\\\" href=\\\"mailto:info@iaro-credit.ch\\\" target=\\\"_self\\\" data-content=\\\"info@iaro-credit.ch\\\" data-type=\\\"mail\\\">info@iaro-credit.ch<\\\/a><\\\/p>\",\"title\":\"Kontakt\"}}]}]}]}]},{\"name\":\"\",\"type\":\"section\",\"props\":{\"style\":\"muted\",\"width\":\"small\",\"vertical_align\":\"middle\",\"title_position\":\"top-left\",\"title_rotation\":\"left\",\"title_breakpoint\":\"xl\",\"image_position\":\"center-center\",\"padding_remove_bottom\":false,\"animation_delay\":false,\"animation\":\"fade\"},\"children\":[{\"name\":\"\",\"type\":\"row\",\"children\":[{\"name\":\"\",\"type\":\"column\",\"props\":{\"image_position\":\"center-center\",\"width_medium\":\"1-1\",\"media_overlay_gradient\":\"\"},\"children\":[{\"name\":\"\",\"type\":\"headline\",\"props\":{\"title_element\":\"h2\",\"content\":\"Schreiben Sie uns\",\"text_align\":\"left\"}},{\"type\":\"html\",\"props\":{\"content\":\"[gravityform id=\\\"9\\\" title=\\\"false\\\" description=\\\"false\\\" ajax=\\\"true\\\"]\"}}]}]}]}],\"version\":\"2.1.1\",\"type\":\"layout\"} --><\/p>\n","protected":false},"excerpt":{"rendered":"<p>Z\u00f6gern Sie nicht uns zu kontaktieren, wir sind gerne f\u00fcr Sie da! Adresse Rotelstrasse 4CH-4663 Aarburg \u00d6ffnungszeiten Montag \u2013 Samstag8:00 \u2013 20:00 Uhr Kontakt Telefon +41 62 791 11 60Mobile +41 79 330 50 56Fax +41 62 791 11 10 info@iaro-credit.ch Schreiben Sie uns<\/p>\n","protected":false},"author":3,"featured_media":0,"parent":0,"menu_order":80,"comment_status":"closed","ping_status":"closed","template":"","meta":{"_seopress_robots_primary_cat":"","_seopress_titles_title":"Kontakt | Iaro Credit","_seopress_titles_desc":"F\u00fcr jedes Projekt gibt es eine optimale Finanzierungsquelle. Unsere St\u00e4rke liegt darin f\u00fcr Sie das Beste auszuhandeln. Kontaktieren Sie uns jetzt!","_seopress_robots_index":"","footnotes":""},"class_list":["post-182","page","type-page","status-publish"],"_links":{"self":[{"href":"https:\/\/www.iaro-credit.ch\/de\/wp-json\/wp\/v2\/pages\/182","targetHints":{"allow":["GET"]}}],"collection":[{"href":"https:\/\/www.iaro-credit.ch\/de\/wp-json\/wp\/v2\/pages"}],"about":[{"href":"https:\/\/www.iaro-credit.ch\/de\/wp-json\/wp\/v2\/types\/page"}],"author":[{"embeddable":true,"href":"https:\/\/www.iaro-credit.ch\/de\/wp-json\/wp\/v2\/users\/3"}],"replies":[{"embeddable":true,"href":"https:\/\/www.iaro-credit.ch\/de\/wp-json\/wp\/v2\/comments?post=182"}],"version-history":[{"count":2,"href":"https:\/\/www.iaro-credit.ch\/de\/wp-json\/wp\/v2\/pages\/182\/revisions"}],"predecessor-version":[{"id":2136,"href":"https:\/\/www.iaro-credit.ch\/de\/wp-json\/wp\/v2\/pages\/182\/revisions\/2136"}],"wp:attachment":[{"href":"https:\/\/www.iaro-credit.ch\/de\/wp-json\/wp\/v2\/media?parent=182"}],"curies":[{"name":"wp","href":"https:\/\/api.w.org\/{rel}","templated":true}]}}